{"id":231270,"date":"2024-11-26T22:16:04","date_gmt":"2024-11-26T21:16:04","guid":{"rendered":"https:\/\/mennitimercuri.com\/?post_type=product&#038;p=231270"},"modified":"2024-12-02T16:15:25","modified_gmt":"2024-12-02T15:15:25","slug":"aura","status":"publish","type":"product","link":"https:\/\/mennitimercuri.com\/en\/product\/aura\/","title":{"rendered":"Aura"},"content":{"rendered":"<p>Aura nasce dall&#8217;incontro tra la tradizione artigianale e la modernit\u00e0 del design. Ogni pezzo \u00e8 unico, realizzato con cura da mani esperte, che modellano con pazienza ogni dettaglio per dare vita a un&#8217;opera senza tempo. Al centro, una pallina di ceramica preziosa diventa simbolo di equilibrio e armonia, conferendo al prodotto un\u2019identit\u00e0 unica e un tocco di personalit\u00e0. Aura \u00e8 pensato per arricchire ogni spazio con la sua presenza discreta ma affascinante, un oggetto di design che invita a un\u2019esperienza visiva e tattile, dove l\u2019artigianalit\u00e0 si unisce all\u2019innovazione.<\/p>\n<p>La sfera in ceramica, frutto della collaborazione con Ir\u00f2 Ceramiche, appartiene a una collezione esclusiva e numerata, concepita appositamente per celebrare l\u2019incontro tra artigianato e creativit\u00e0.<\/p>\n<p>N.B: Le eventuali variazioni del legno, crepe di dimensioni ridotte e modifiche nel legno nel corso del tempo non possono essere attribuite a reclami o difetti del prodotto, ma piuttosto a un normale adattamento del legno alle diverse condizioni ambientali.<\/p>\n<p>Imposte e spedizione incluse.<\/p>\n<p>Attualmente spediamo solo in Italia.<\/p>","protected":false},"excerpt":{"rendered":"<p>Oggetto decorativo.<\/p>\n<p>Descrizione tecnica:<\/p>\n<p>Realizzato in noce americano.<\/p>\n<p>Finitura: verniciatura ad olio vegetale<\/p>\n<p>Dimensione: 16 x 6,5 x h 31,5 cm.<\/p>\n<p><a href=\"https:\/\/mennitimercuri.com\/en\/policy-di-acquisto-reso-e-rimborso\/\">Policy di acquisto, reso e rimborso<\/a><\/p>","protected":false},"featured_media":231287,"template":"","meta":{"_eb_attr":""},"product_brand":[],"product_cat":[71],"product_tag":[],"class_list":{"0":"post-231270","1":"product","2":"type-product","3":"status-publish","4":"has-post-thumbnail","6":"product_cat-i-piccoli","8":"first","9":"instock","10":"shipping-taxable","11":"purchasable","12":"product-type-simple"},"gallery_images":[231290,231289,231288],"yoast_head":"<!-- This site is optimized with the Yoast SEO Premium plugin v25.2 (Yoast SEO v25.8) - https:\/\/yoast.com\/wordpress\/plugins\/seo\/ -->\n<title>Aura - Menniti &amp; Mercuri<\/title>\n<meta name=\"robots\" content=\"index, follow, max-snippet:-1, max-image-preview:large, max-video-preview:-1\" \/>\n<link rel=\"canonical\" href=\"https:\/\/mennitimercuri.com\/en\/product\/aura\/\" \/>\n<meta property=\"og:locale\" content=\"en_US\" \/>\n<meta property=\"og:type\" content=\"article\" \/>\n<meta property=\"og:title\" content=\"Aura\" \/>\n<meta property=\"og:description\" content=\"Oggetto decorativo.  Descrizione tecnica:  Realizzato in noce americano.  Finitura: verniciatura ad olio vegetale  Dimensione: 16 x 6,5 x h 31,5 cm.  Policy di acquisto, reso e rimborso\" \/>\n<meta property=\"og:url\" content=\"https:\/\/mennitimercuri.com\/en\/product\/aura\/\" \/>\n<meta property=\"og:site_name\" content=\"Menniti &amp; Mercuri\" \/>\n<meta property=\"article:publisher\" content=\"https:\/\/www.facebook.com\/menniti.mercuri\" \/>\n<meta property=\"article:modified_time\" content=\"2024-12-02T15:15:25+00:00\" \/>\n<meta property=\"og:image\" content=\"https:\/\/mennitimercuri.com\/wp-content\/uploads\/2024\/11\/Tavola-da-disegno-1-1024x1024.jpg\" \/>\n\t<meta property=\"og:image:width\" content=\"1024\" \/>\n\t<meta property=\"og:image:height\" content=\"1024\" \/>\n\t<meta property=\"og:image:type\" content=\"image\/jpeg\" \/>\n<meta name=\"twitter:card\" content=\"summary_large_image\" \/>\n<meta name=\"twitter:label1\" content=\"Price\" \/>\n\t<meta name=\"twitter:data1\" content=\"120.00&nbsp;&euro;\" \/>\n\t<meta name=\"twitter:label2\" content=\"Availability\" \/>\n\t<meta name=\"twitter:data2\" content=\"In stock\" \/>\n<script type=\"application\/ld+json\" class=\"yoast-schema-graph\">{\"@context\":\"https:\/\/schema.org\",\"@graph\":[{\"@type\":\"WebPage\",\"@id\":\"https:\/\/mennitimercuri.com\/prodotto\/aura\/\",\"url\":\"https:\/\/mennitimercuri.com\/prodotto\/aura\/\",\"name\":\"Aura - Menniti &amp; Mercuri\",\"isPartOf\":{\"@id\":\"https:\/\/mennitimercuri.com\/#website\"},\"primaryImageOfPage\":{\"@id\":\"https:\/\/mennitimercuri.com\/prodotto\/aura\/#primaryimage\"},\"image\":{\"@id\":\"https:\/\/mennitimercuri.com\/prodotto\/aura\/#primaryimage\"},\"thumbnailUrl\":\"https:\/\/mennitimercuri.com\/wp-content\/uploads\/2024\/11\/Tavola-da-disegno-1.jpg\",\"datePublished\":\"2024-11-26T21:16:04+00:00\",\"dateModified\":\"2024-12-02T15:15:25+00:00\",\"breadcrumb\":{\"@id\":\"https:\/\/mennitimercuri.com\/prodotto\/aura\/#breadcrumb\"},\"inLanguage\":\"en-US\",\"potentialAction\":[{\"@type\":\"ReadAction\",\"target\":[\"https:\/\/mennitimercuri.com\/prodotto\/aura\/\"]}]},{\"@type\":\"ImageObject\",\"inLanguage\":\"en-US\",\"@id\":\"https:\/\/mennitimercuri.com\/prodotto\/aura\/#primaryimage\",\"url\":\"https:\/\/mennitimercuri.com\/wp-content\/uploads\/2024\/11\/Tavola-da-disegno-1.jpg\",\"contentUrl\":\"https:\/\/mennitimercuri.com\/wp-content\/uploads\/2024\/11\/Tavola-da-disegno-1.jpg\",\"width\":2560,\"height\":2560},{\"@type\":\"BreadcrumbList\",\"@id\":\"https:\/\/mennitimercuri.com\/prodotto\/aura\/#breadcrumb\",\"itemListElement\":[{\"@type\":\"ListItem\",\"position\":1,\"name\":\"Home\",\"item\":\"https:\/\/mennitimercuri.com\/\"},{\"@type\":\"ListItem\",\"position\":2,\"name\":\"Shop\",\"item\":\"https:\/\/mennitimercuri.com\/shop\/\"},{\"@type\":\"ListItem\",\"position\":3,\"name\":\"Aura\"}]},{\"@type\":\"WebSite\",\"@id\":\"https:\/\/mennitimercuri.com\/#website\",\"url\":\"https:\/\/mennitimercuri.com\/\",\"name\":\"Menniti & Mercuri\",\"description\":\"\",\"publisher\":{\"@id\":\"https:\/\/mennitimercuri.com\/#organization\"},\"potentialAction\":[{\"@type\":\"SearchAction\",\"target\":{\"@type\":\"EntryPoint\",\"urlTemplate\":\"https:\/\/mennitimercuri.com\/?s={search_term_string}\"},\"query-input\":{\"@type\":\"PropertyValueSpecification\",\"valueRequired\":true,\"valueName\":\"search_term_string\"}}],\"inLanguage\":\"en-US\"},{\"@type\":[\"Organization\",\"Place\"],\"@id\":\"https:\/\/mennitimercuri.com\/#organization\",\"name\":\"Menniti & Mercuri\",\"alternateName\":\"Menniti & Mercuri - Armonie d'interni\",\"url\":\"https:\/\/mennitimercuri.com\/\",\"logo\":{\"@id\":\"https:\/\/mennitimercuri.com\/prodotto\/aura\/#local-main-organization-logo\"},\"image\":{\"@id\":\"https:\/\/mennitimercuri.com\/prodotto\/aura\/#local-main-organization-logo\"},\"sameAs\":[\"https:\/\/www.facebook.com\/menniti.mercuri\",\"https:\/\/www.instagram.com\/menniti_mercuri\/\",\"https:\/\/www.linkedin.com\/company\/mennitimercuri\/\"],\"legalName\":\"Menniti & Mercuri\",\"address\":{\"@id\":\"https:\/\/mennitimercuri.com\/prodotto\/aura\/#local-main-place-address\"},\"telephone\":[\"0961 954032\"],\"contactPoint\":{\"@type\":\"ContactPoint\",\"telephone\":\"0961 954032\",\"email\":\"info@mennitimercuri.com\"},\"openingHoursSpecification\":[{\"@type\":\"OpeningHoursSpecification\",\"dayOfWeek\":[\"Monday\",\"Tuesday\",\"Wednesday\",\"Thursday\",\"Friday\"],\"opens\":\"08:00\",\"closes\":\"17:30\"},{\"@type\":\"OpeningHoursSpecification\",\"dayOfWeek\":[\"Saturday\"],\"opens\":\"09:00\",\"closes\":\"12:00\"},{\"@type\":\"OpeningHoursSpecification\",\"dayOfWeek\":[\"Sunday\"],\"opens\":\"00:00\",\"closes\":\"00:00\"}],\"email\":\"info@mennitimercuri.com\",\"vatID\":\"02289490795\"},{\"@type\":\"PostalAddress\",\"@id\":\"https:\/\/mennitimercuri.com\/prodotto\/aura\/#local-main-place-address\",\"streetAddress\":\"Zona Industriale Localit\u00e0 Difesa.8\",\"addressLocality\":\"Catanzaro\",\"postalCode\":\"88050\",\"addressCountry\":\"IT\"},{\"@type\":\"ImageObject\",\"inLanguage\":\"en-US\",\"@id\":\"https:\/\/mennitimercuri.com\/prodotto\/aura\/#local-main-organization-logo\",\"url\":\"https:\/\/mennitimercuri.com\/wp-content\/uploads\/2023\/03\/senza-sfondo.png\",\"contentUrl\":\"https:\/\/mennitimercuri.com\/wp-content\/uploads\/2023\/03\/senza-sfondo.png\",\"width\":1540,\"height\":1540,\"caption\":\"Menniti & Mercuri\"}]}<\/script>\n<meta property=\"product:price:amount\" content=\"120.00\" \/>\n<meta property=\"product:price:currency\" content=\"EUR\" \/>\n<meta property=\"og:availability\" content=\"instock\" \/>\n<meta property=\"product:availability\" content=\"instock\" \/>\n<meta property=\"product:retailer_item_id\" content=\"aura\" \/>\n<meta property=\"product:condition\" content=\"new\" \/>\n<meta name=\"geo.placename\" content=\"Catanzaro\" \/>\n<meta name=\"geo.region\" content=\"Italy\" \/>\n<!-- \/ Yoast SEO Premium plugin. -->","yoast_head_json":{"title":"Aura - Menniti &amp; Mercuri","robots":{"index":"index","follow":"follow","max-snippet":"max-snippet:-1","max-image-preview":"max-image-preview:large","max-video-preview":"max-video-preview:-1"},"canonical":"https:\/\/mennitimercuri.com\/en\/product\/aura\/","og_locale":"en_US","og_type":"article","og_title":"Aura","og_description":"Oggetto decorativo.  Descrizione tecnica:  Realizzato in noce americano.  Finitura: verniciatura ad olio vegetale  Dimensione: 16 x 6,5 x h 31,5 cm.  Policy di acquisto, reso e rimborso","og_url":"https:\/\/mennitimercuri.com\/en\/product\/aura\/","og_site_name":"Menniti &amp; Mercuri","article_publisher":"https:\/\/www.facebook.com\/menniti.mercuri","article_modified_time":"2024-12-02T15:15:25+00:00","og_image":[{"width":1024,"height":1024,"url":"https:\/\/mennitimercuri.com\/wp-content\/uploads\/2024\/11\/Tavola-da-disegno-1-1024x1024.jpg","type":"image\/jpeg"}],"twitter_card":"summary_large_image","twitter_misc":{"Price":"120.00&nbsp;&euro;","Availability":"In stock"},"schema":{"@context":"https:\/\/schema.org","@graph":[{"@type":"WebPage","@id":"https:\/\/mennitimercuri.com\/prodotto\/aura\/","url":"https:\/\/mennitimercuri.com\/prodotto\/aura\/","name":"Aura - Menniti &amp; Mercuri","isPartOf":{"@id":"https:\/\/mennitimercuri.com\/#website"},"primaryImageOfPage":{"@id":"https:\/\/mennitimercuri.com\/prodotto\/aura\/#primaryimage"},"image":{"@id":"https:\/\/mennitimercuri.com\/prodotto\/aura\/#primaryimage"},"thumbnailUrl":"https:\/\/mennitimercuri.com\/wp-content\/uploads\/2024\/11\/Tavola-da-disegno-1.jpg","datePublished":"2024-11-26T21:16:04+00:00","dateModified":"2024-12-02T15:15:25+00:00","breadcrumb":{"@id":"https:\/\/mennitimercuri.com\/prodotto\/aura\/#breadcrumb"},"inLanguage":"en-US","potentialAction":[{"@type":"ReadAction","target":["https:\/\/mennitimercuri.com\/prodotto\/aura\/"]}]},{"@type":"ImageObject","inLanguage":"en-US","@id":"https:\/\/mennitimercuri.com\/prodotto\/aura\/#primaryimage","url":"https:\/\/mennitimercuri.com\/wp-content\/uploads\/2024\/11\/Tavola-da-disegno-1.jpg","contentUrl":"https:\/\/mennitimercuri.com\/wp-content\/uploads\/2024\/11\/Tavola-da-disegno-1.jpg","width":2560,"height":2560},{"@type":"BreadcrumbList","@id":"https:\/\/mennitimercuri.com\/prodotto\/aura\/#breadcrumb","itemListElement":[{"@type":"ListItem","position":1,"name":"Home","item":"https:\/\/mennitimercuri.com\/"},{"@type":"ListItem","position":2,"name":"Shop","item":"https:\/\/mennitimercuri.com\/shop\/"},{"@type":"ListItem","position":3,"name":"Aura"}]},{"@type":"WebSite","@id":"https:\/\/mennitimercuri.com\/#website","url":"https:\/\/mennitimercuri.com\/","name":"Menniti & Mercuri","description":"","publisher":{"@id":"https:\/\/mennitimercuri.com\/#organization"},"potentialAction":[{"@type":"SearchAction","target":{"@type":"EntryPoint","urlTemplate":"https:\/\/mennitimercuri.com\/?s={search_term_string}"},"query-input":{"@type":"PropertyValueSpecification","valueRequired":true,"valueName":"search_term_string"}}],"inLanguage":"en-US"},{"@type":["Organization","Place"],"@id":"https:\/\/mennitimercuri.com\/#organization","name":"Menniti & Mercuri","alternateName":"Menniti & Mercuri - Armonie d'interni","url":"https:\/\/mennitimercuri.com\/","logo":{"@id":"https:\/\/mennitimercuri.com\/prodotto\/aura\/#local-main-organization-logo"},"image":{"@id":"https:\/\/mennitimercuri.com\/prodotto\/aura\/#local-main-organization-logo"},"sameAs":["https:\/\/www.facebook.com\/menniti.mercuri","https:\/\/www.instagram.com\/menniti_mercuri\/","https:\/\/www.linkedin.com\/company\/mennitimercuri\/"],"legalName":"Menniti & Mercuri","address":{"@id":"https:\/\/mennitimercuri.com\/prodotto\/aura\/#local-main-place-address"},"telephone":["0961 954032"],"contactPoint":{"@type":"ContactPoint","telephone":"0961 954032","email":"info@mennitimercuri.com"},"openingHoursSpecification":[{"@type":"OpeningHoursSpecification","dayOfWeek":["Monday","Tuesday","Wednesday","Thursday","Friday"],"opens":"08:00","closes":"17:30"},{"@type":"OpeningHoursSpecification","dayOfWeek":["Saturday"],"opens":"09:00","closes":"12:00"},{"@type":"OpeningHoursSpecification","dayOfWeek":["Sunday"],"opens":"00:00","closes":"00:00"}],"email":"info@mennitimercuri.com","vatID":"02289490795"},{"@type":"PostalAddress","@id":"https:\/\/mennitimercuri.com\/prodotto\/aura\/#local-main-place-address","streetAddress":"Zona Industriale Localit\u00e0 Difesa.8","addressLocality":"Catanzaro","postalCode":"88050","addressCountry":"IT"},{"@type":"ImageObject","inLanguage":"en-US","@id":"https:\/\/mennitimercuri.com\/prodotto\/aura\/#local-main-organization-logo","url":"https:\/\/mennitimercuri.com\/wp-content\/uploads\/2023\/03\/senza-sfondo.png","contentUrl":"https:\/\/mennitimercuri.com\/wp-content\/uploads\/2023\/03\/senza-sfondo.png","width":1540,"height":1540,"caption":"Menniti & Mercuri"}]},"product_price_amount":"120.00","product_price_currency":"EUR","og_availability":"instock","product_availability":"instock","product_retailer_item_id":"aura","product_condition":"new","geo.placename":"Catanzaro","geo.region":"Italy"},"_links":{"self":[{"href":"https:\/\/mennitimercuri.com\/en\/wp-json\/wp\/v2\/product\/231270","targetHints":{"allow":["GET"]}}],"collection":[{"href":"https:\/\/mennitimercuri.com\/en\/wp-json\/wp\/v2\/product"}],"about":[{"href":"https:\/\/mennitimercuri.com\/en\/wp-json\/wp\/v2\/types\/product"}],"version-history":[{"count":9,"href":"https:\/\/mennitimercuri.com\/en\/wp-json\/wp\/v2\/product\/231270\/revisions"}],"predecessor-version":[{"id":231292,"href":"https:\/\/mennitimercuri.com\/en\/wp-json\/wp\/v2\/product\/231270\/revisions\/231292"}],"wp:featuredmedia":[{"embeddable":true,"href":"https:\/\/mennitimercuri.com\/en\/wp-json\/wp\/v2\/media\/231287"}],"wp:attachment":[{"href":"https:\/\/mennitimercuri.com\/en\/wp-json\/wp\/v2\/media?parent=231270"}],"wp:term":[{"taxonomy":"product_brand","embeddable":true,"href":"https:\/\/mennitimercuri.com\/en\/wp-json\/wp\/v2\/product_brand?post=231270"},{"taxonomy":"product_cat","embeddable":true,"href":"https:\/\/mennitimercuri.com\/en\/wp-json\/wp\/v2\/product_cat?post=231270"},{"taxonomy":"product_tag","embeddable":true,"href":"https:\/\/mennitimercuri.com\/en\/wp-json\/wp\/v2\/product_tag?post=231270"}],"curies":[{"name":"wp","href":"https:\/\/api.w.org\/{rel}","templated":true}]}}